{"id":10955,"date":"2026-01-27T16:20:16","date_gmt":"2026-01-27T16:20:16","guid":{"rendered":"https:\/\/asbglassfloor.com\/?page_id=10955"},"modified":"2026-01-27T16:20:16","modified_gmt":"2026-01-27T16:20:16","slug":"vielen-dank-fur-ihre-nachricht","status":"publish","type":"page","link":"https:\/\/asbglassfloor.com\/de\/vielen-dank-fur-ihre-nachricht\/","title":{"rendered":"Vielen Dank f\u00fcr Ihre Nachricht"},"content":{"rendered":"\t\t<div data-elementor-type=\"wp-page\" data-elementor-id=\"10955\" class=\"elementor elementor-10955 elementor-10954\" data-elementor-settings=\"{&quot;rhye_hide_title_disabled&quot;:&quot;yes&quot;}\">\n\t\t\t\t\t\t<section class=\"elementor-section elementor-top-section elementor-element elementor-element-25b2fbea mt-minus-small elementor-section-boxed elementor-section-height-default elementor-section-height-default\" data-id=\"25b2fbea\" data-element_type=\"section\" data-e-type=\"section\">\n\t\t\t\t\t\t<div class=\"elementor-container elementor-column-gap-default\">\n\t\t\t\t\t<div class=\"elementor-column elementor-col-100 elementor-top-column elementor-element elementor-element-2459c00c\" data-id=\"2459c00c\" data-element_type=\"column\" data-e-type=\"column\">\n\t\t\t<div class=\"elementor-widget-wrap elementor-element-populated\">\n\t\t\t\t\t\t<div class=\"elementor-element elementor-element-6433f064 elementor-widget elementor-widget-text-editor\" data-id=\"6433f064\" data-element_type=\"widget\" data-e-type=\"widget\" data-widget_type=\"text-editor.default\">\n\t\t\t\t<div class=\"elementor-widget-container\">\n\t\t\t\t\t\t\t\t\t<p style=\"text-align:center\">Ihre Nachricht wurde gesendet und wir werden uns schnellstm\u00f6glich mit Ihnen in Verbindung setzen.<\/p>\t\t\t\t\t\t\t\t<\/div>\n\t\t\t\t<\/div>\n\t\t\t\t\t<\/div>\n\t\t<\/div>\n\t\t\t\t\t<\/div>\n\t\t<\/section>\n\t\t\t\t<\/div>\n\t\t","protected":false},"excerpt":{"rendered":"<p>Ihre Nachricht wurde gesendet und wir werden uns schnellstm\u00f6glich mit Ihnen in Verbindung setzen.<\/p>\n","protected":false},"author":3,"featured_media":11017,"parent":0,"menu_order":0,"comment_status":"closed","ping_status":"closed","template":"","meta":{"_acf_changed":false,"footnotes":""},"class_list":["post-10955","page","type-page","status-publish","has-post-thumbnail","hentry"],"acf":[],"jetpack_sharing_enabled":true,"jetpack-related-posts":[{"id":5022,"url":"https:\/\/asbglassfloor.com\/de\/vielen-dank-fuer-ihre-nachricht\/","url_meta":{"origin":10955,"position":0},"title":"Vielen Dank f\u00fcr Ihre Nachricht","author":"TDS","date":"16. Juli 2023","format":false,"excerpt":"Ihre Nachricht wurde gesendet und wir werden uns schnellstm\u00f6glich mit Ihnen in Verbindung setzen.","rel":"","context":"\u00c4hnlicher Beitrag","block_context":{"text":"\u00c4hnlicher Beitrag","link":""},"img":{"alt_text":"","src":"https:\/\/i0.wp.com\/asbglassfloor.com\/wp-content\/uploads\/2026\/02\/asb-glassfloor-asb-lumiflex-court-fc-bayern-basketball-bmw-park-munich-featured.webp?fit=1200%2C675&ssl=1&resize=350%2C200","width":350,"height":200,"srcset":"https:\/\/i0.wp.com\/asbglassfloor.com\/wp-content\/uploads\/2026\/02\/asb-glassfloor-asb-lumiflex-court-fc-bayern-basketball-bmw-park-munich-featured.webp?fit=1200%2C675&ssl=1&resize=350%2C200 1x, https:\/\/i0.wp.com\/asbglassfloor.com\/wp-content\/uploads\/2026\/02\/asb-glassfloor-asb-lumiflex-court-fc-bayern-basketball-bmw-park-munich-featured.webp?fit=1200%2C675&ssl=1&resize=525%2C300 1.5x, https:\/\/i0.wp.com\/asbglassfloor.com\/wp-content\/uploads\/2026\/02\/asb-glassfloor-asb-lumiflex-court-fc-bayern-basketball-bmw-park-munich-featured.webp?fit=1200%2C675&ssl=1&resize=700%2C400 2x, https:\/\/i0.wp.com\/asbglassfloor.com\/wp-content\/uploads\/2026\/02\/asb-glassfloor-asb-lumiflex-court-fc-bayern-basketball-bmw-park-munich-featured.webp?fit=1200%2C675&ssl=1&resize=1050%2C600 3x"},"classes":[]},{"id":5808,"url":"https:\/\/asbglassfloor.com\/de\/asb-multisports\/","url_meta":{"origin":10955,"position":1},"title":"ASB MultiSports","author":"TDS","date":"22. August 2023","format":false,"excerpt":"ASB MultiSports Der Sportboden ohne Linienchaos. Ob Basketball, Volleyball, oder jeder andere Indoor-Sport: Mit einem einfachen Knopfdruck kann das Spielfeld nach Bedarf angepasst werden. Mit dem Ausschalten der Linien, verwandelt sich der Raum in eine Ausstellungsfl\u00e4che oder einen Raum f\u00fcr besondere Veranstaltungen. Mehr erfahren Vorteile ZERTIFIZIERT Der ASB MultiSports ist\u2026","rel":"","context":"\u00c4hnlicher Beitrag","block_context":{"text":"\u00c4hnlicher Beitrag","link":""},"img":{"alt_text":"","src":"https:\/\/i0.wp.com\/asbglassfloor.com\/wp-content\/uploads\/2026\/02\/asb-glassfloor-asb-multisports-oym-featured.jpg?fit=1200%2C675&ssl=1&resize=350%2C200","width":350,"height":200,"srcset":"https:\/\/i0.wp.com\/asbglassfloor.com\/wp-content\/uploads\/2026\/02\/asb-glassfloor-asb-multisports-oym-featured.jpg?fit=1200%2C675&ssl=1&resize=350%2C200 1x, https:\/\/i0.wp.com\/asbglassfloor.com\/wp-content\/uploads\/2026\/02\/asb-glassfloor-asb-multisports-oym-featured.jpg?fit=1200%2C675&ssl=1&resize=525%2C300 1.5x, https:\/\/i0.wp.com\/asbglassfloor.com\/wp-content\/uploads\/2026\/02\/asb-glassfloor-asb-multisports-oym-featured.jpg?fit=1200%2C675&ssl=1&resize=700%2C400 2x, https:\/\/i0.wp.com\/asbglassfloor.com\/wp-content\/uploads\/2026\/02\/asb-glassfloor-asb-multisports-oym-featured.jpg?fit=1200%2C675&ssl=1&resize=1050%2C600 3x"},"classes":[]},{"id":5056,"url":"https:\/\/asbglassfloor.com\/de\/datenschutzbestimmungen\/","url_meta":{"origin":10955,"position":2},"title":"Datenschutzbestimmungen","author":"asbglassfloor","date":"27. Juni 2023","format":false,"excerpt":"1. Datenschutz auf einen Blick Allgemeine Hinweise Die folgenden Hinweise geben einen einfachen \u00dcberblick dar\u00fcber, was mit Ihren personenbezogenen Daten passiert, wenn Sie unsere Website besuchen. Personenbezogene Daten sind alle Daten, mit denen Sie pers\u00f6nlich identifiziert werden k\u00f6nnen. Ausf\u00fchrliche Informationen zum Thema Datenschutz entnehmen Sie unserer unter diesem Text aufgef\u00fchrten\u2026","rel":"","context":"\u00c4hnlicher Beitrag","block_context":{"text":"\u00c4hnlicher Beitrag","link":""},"img":{"alt_text":"","src":"https:\/\/i0.wp.com\/asbglassfloor.com\/wp-content\/uploads\/2026\/02\/asb-glassfloor-asb-lumiflex-court-fc-bayern-basketball-bmw-park-munich-featured.webp?fit=1200%2C675&ssl=1&resize=350%2C200","width":350,"height":200,"srcset":"https:\/\/i0.wp.com\/asbglassfloor.com\/wp-content\/uploads\/2026\/02\/asb-glassfloor-asb-lumiflex-court-fc-bayern-basketball-bmw-park-munich-featured.webp?fit=1200%2C675&ssl=1&resize=350%2C200 1x, https:\/\/i0.wp.com\/asbglassfloor.com\/wp-content\/uploads\/2026\/02\/asb-glassfloor-asb-lumiflex-court-fc-bayern-basketball-bmw-park-munich-featured.webp?fit=1200%2C675&ssl=1&resize=525%2C300 1.5x, https:\/\/i0.wp.com\/asbglassfloor.com\/wp-content\/uploads\/2026\/02\/asb-glassfloor-asb-lumiflex-court-fc-bayern-basketball-bmw-park-munich-featured.webp?fit=1200%2C675&ssl=1&resize=700%2C400 2x, https:\/\/i0.wp.com\/asbglassfloor.com\/wp-content\/uploads\/2026\/02\/asb-glassfloor-asb-lumiflex-court-fc-bayern-basketball-bmw-park-munich-featured.webp?fit=1200%2C675&ssl=1&resize=1050%2C600 3x"},"classes":[]},{"id":10108,"url":"https:\/\/asbglassfloor.com\/de\/asb-arena-and-event-services\/","url_meta":{"origin":10955,"position":3},"title":"ASB Arena and Event Services","author":"plandgraf","date":"5. August 2025","format":false,"excerpt":"\u00a0Fan- und Event-Erlebnisse neu definieren. ASB Arena & Event Services inspiriert Clubs, Ligen, Arenen und Eventveranstalter, ihr volles Vermarktungspotenzial zu entfalten und dabei Erlebnisse zu kreieren, die Fans begeistern und Events unvergesslich machen. Kontakt Sport und Events neu erlebbar machen Die Welt des Sports und der Events ver\u00e4ndert sich rasant.\u2026","rel":"","context":"\u00c4hnlicher Beitrag","block_context":{"text":"\u00c4hnlicher Beitrag","link":""},"img":{"alt_text":"","src":"https:\/\/i0.wp.com\/asbglassfloor.com\/wp-content\/uploads\/2026\/02\/asb-arena-and-event-services-bcl-final-four-2024-featured.jpg?fit=1200%2C675&ssl=1&resize=350%2C200","width":350,"height":200,"srcset":"https:\/\/i0.wp.com\/asbglassfloor.com\/wp-content\/uploads\/2026\/02\/asb-arena-and-event-services-bcl-final-four-2024-featured.jpg?fit=1200%2C675&ssl=1&resize=350%2C200 1x, https:\/\/i0.wp.com\/asbglassfloor.com\/wp-content\/uploads\/2026\/02\/asb-arena-and-event-services-bcl-final-four-2024-featured.jpg?fit=1200%2C675&ssl=1&resize=525%2C300 1.5x, https:\/\/i0.wp.com\/asbglassfloor.com\/wp-content\/uploads\/2026\/02\/asb-arena-and-event-services-bcl-final-four-2024-featured.jpg?fit=1200%2C675&ssl=1&resize=700%2C400 2x, https:\/\/i0.wp.com\/asbglassfloor.com\/wp-content\/uploads\/2026\/02\/asb-arena-and-event-services-bcl-final-four-2024-featured.jpg?fit=1200%2C675&ssl=1&resize=1050%2C600 3x"},"classes":[]},{"id":5133,"url":"https:\/\/asbglassfloor.com\/de\/asb-architectural\/","url_meta":{"origin":10955,"position":4},"title":"ASB Architectural","author":"TDS","date":"1. August 2023","format":false,"excerpt":"Mit Innovationen \u00fcber Glas hinaus die Zukunft gestalten Willkommen bei ASB Architectural, wo Innovation auf Design trifft. Wir sind Wegbereiter f\u00fcr au\u00dfergew\u00f6hnliche Installationen, die architektonische Normen revolutionieren, Erwartungen \u00fcbertreffen und Grenzen verschieben. Projekte erkunden R\u00e4ume umgestalten, Erlebnisse erneuern ASB Architectural wird vom Innovationsgeist des ASB GlassFloor-Teams und von Christof Babinsky,\u2026","rel":"","context":"\u00c4hnlicher Beitrag","block_context":{"text":"\u00c4hnlicher Beitrag","link":""},"img":{"alt_text":"","src":"https:\/\/i0.wp.com\/asbglassfloor.com\/wp-content\/uploads\/2026\/02\/asb-architectural-project-soprema-featured.webp?fit=1200%2C675&ssl=1&resize=350%2C200","width":350,"height":200,"srcset":"https:\/\/i0.wp.com\/asbglassfloor.com\/wp-content\/uploads\/2026\/02\/asb-architectural-project-soprema-featured.webp?fit=1200%2C675&ssl=1&resize=350%2C200 1x, https:\/\/i0.wp.com\/asbglassfloor.com\/wp-content\/uploads\/2026\/02\/asb-architectural-project-soprema-featured.webp?fit=1200%2C675&ssl=1&resize=525%2C300 1.5x, https:\/\/i0.wp.com\/asbglassfloor.com\/wp-content\/uploads\/2026\/02\/asb-architectural-project-soprema-featured.webp?fit=1200%2C675&ssl=1&resize=700%2C400 2x, https:\/\/i0.wp.com\/asbglassfloor.com\/wp-content\/uploads\/2026\/02\/asb-architectural-project-soprema-featured.webp?fit=1200%2C675&ssl=1&resize=1050%2C600 3x"},"classes":[]},{"id":5800,"url":"https:\/\/asbglassfloor.com\/de\/asb-lumiflex\/","url_meta":{"origin":10955,"position":5},"title":"ASB LumiFlex","author":"TDS","date":"22. August 2023","format":false,"excerpt":"ASB LumiFlex Der digitale Glasboden revolutioniert Sportveranstaltungen. Mit grenzenlosen M\u00f6glichkeiten f\u00fcr Sponsoring, Brand Activation und die Fan Experience. M\u00f6glichkeiten entdecken https:\/\/vz-53448ed7-07e.b-cdn.net\/41e0a856-214c-4f2f-aaab-35a103eba627\/play_480p.mp4 Vorteile ZERTIFIZIERTE TECHNOLOGIE ASB LumiFlex ist f\u00fcr den Profisport zertifiziert und erf\u00fcllt die Akkreditierungsstandards der FIBA, IHF und FIVB. Er entspricht der EN Norm 14904 f\u00fcr fl\u00e4chenelastische Sportb\u00f6den und\u2026","rel":"","context":"\u00c4hnlicher Beitrag","block_context":{"text":"\u00c4hnlicher Beitrag","link":""},"img":{"alt_text":"","src":"https:\/\/i0.wp.com\/asbglassfloor.com\/wp-content\/uploads\/2026\/02\/asb-glassfloor-asb-lumiflex-court-fc-bayern-basketball-bmw-park-munich-featured.jpg?fit=1200%2C675&ssl=1&resize=350%2C200","width":350,"height":200,"srcset":"https:\/\/i0.wp.com\/asbglassfloor.com\/wp-content\/uploads\/2026\/02\/asb-glassfloor-asb-lumiflex-court-fc-bayern-basketball-bmw-park-munich-featured.jpg?fit=1200%2C675&ssl=1&resize=350%2C200 1x, https:\/\/i0.wp.com\/asbglassfloor.com\/wp-content\/uploads\/2026\/02\/asb-glassfloor-asb-lumiflex-court-fc-bayern-basketball-bmw-park-munich-featured.jpg?fit=1200%2C675&ssl=1&resize=525%2C300 1.5x, https:\/\/i0.wp.com\/asbglassfloor.com\/wp-content\/uploads\/2026\/02\/asb-glassfloor-asb-lumiflex-court-fc-bayern-basketball-bmw-park-munich-featured.jpg?fit=1200%2C675&ssl=1&resize=700%2C400 2x, https:\/\/i0.wp.com\/asbglassfloor.com\/wp-content\/uploads\/2026\/02\/asb-glassfloor-asb-lumiflex-court-fc-bayern-basketball-bmw-park-munich-featured.jpg?fit=1200%2C675&ssl=1&resize=1050%2C600 3x"},"classes":[]}],"_links":{"self":[{"href":"https:\/\/asbglassfloor.com\/de\/wp-json\/wp\/v2\/pages\/10955","targetHints":{"allow":["GET"]}}],"collection":[{"href":"https:\/\/asbglassfloor.com\/de\/wp-json\/wp\/v2\/pages"}],"about":[{"href":"https:\/\/asbglassfloor.com\/de\/wp-json\/wp\/v2\/types\/page"}],"author":[{"embeddable":true,"href":"https:\/\/asbglassfloor.com\/de\/wp-json\/wp\/v2\/users\/3"}],"replies":[{"embeddable":true,"href":"https:\/\/asbglassfloor.com\/de\/wp-json\/wp\/v2\/comments?post=10955"}],"version-history":[{"count":1,"href":"https:\/\/asbglassfloor.com\/de\/wp-json\/wp\/v2\/pages\/10955\/revisions"}],"predecessor-version":[{"id":10956,"href":"https:\/\/asbglassfloor.com\/de\/wp-json\/wp\/v2\/pages\/10955\/revisions\/10956"}],"wp:featuredmedia":[{"embeddable":true,"href":"https:\/\/asbglassfloor.com\/de\/wp-json\/wp\/v2\/media\/11017"}],"wp:attachment":[{"href":"https:\/\/asbglassfloor.com\/de\/wp-json\/wp\/v2\/media?parent=10955"}],"curies":[{"name":"wp","href":"https:\/\/api.w.org\/{rel}","templated":true}]}}