{"id":5028,"date":"2020-09-05T08:31:44","date_gmt":"2020-09-05T08:31:44","guid":{"rendered":"https:\/\/asbglassfloor.com\/medienpaket\/"},"modified":"2024-03-19T07:54:11","modified_gmt":"2024-03-19T07:54:11","slug":"mediakit","status":"publish","type":"page","link":"https:\/\/asbglassfloor.com\/de\/mediakit\/","title":{"rendered":"Media Kit"},"content":{"rendered":"\t\t<div data-elementor-type=\"wp-page\" data-elementor-id=\"5028\" class=\"elementor elementor-5028 elementor-2117\" data-elementor-settings=\"{&quot;page_masthead_image_height&quot;:{&quot;unit&quot;:&quot;px&quot;,&quot;size&quot;:900,&quot;sizes&quot;:[]},&quot;page_masthead_image_height_tablet&quot;:{&quot;unit&quot;:&quot;vh&quot;,&quot;size&quot;:70,&quot;sizes&quot;:[]},&quot;page_masthead_image_height_mobile&quot;:{&quot;unit&quot;:&quot;vh&quot;,&quot;size&quot;:50,&quot;sizes&quot;:[]},&quot;page_masthead_background_position_x&quot;:{&quot;unit&quot;:&quot;%&quot;,&quot;size&quot;:50,&quot;sizes&quot;:[]},&quot;page_masthead_background_position_x_tablet&quot;:{&quot;unit&quot;:&quot;%&quot;,&quot;size&quot;:50,&quot;sizes&quot;:[]},&quot;page_masthead_background_position_x_mobile&quot;:{&quot;unit&quot;:&quot;%&quot;,&quot;size&quot;:50,&quot;sizes&quot;:[]},&quot;page_masthead_background_position_y&quot;:{&quot;unit&quot;:&quot;%&quot;,&quot;size&quot;:50,&quot;sizes&quot;:[]},&quot;page_masthead_background_position_y_tablet&quot;:{&quot;unit&quot;:&quot;%&quot;,&quot;size&quot;:50,&quot;sizes&quot;:[]},&quot;page_masthead_background_position_y_mobile&quot;:{&quot;unit&quot;:&quot;%&quot;,&quot;size&quot;:50,&quot;sizes&quot;:[]},&quot;rhye_hide_title_disabled&quot;:&quot;yes&quot;}\">\n\t\t\t\t\t\t<section class=\"elementor-section elementor-top-section elementor-element elementor-element-2df7e41 elementor-section-boxed elementor-section-height-default elementor-section-height-default\" data-id=\"2df7e41\" data-element_type=\"section\" data-e-type=\"section\">\n\t\t\t\t\t\t<div class=\"elementor-container elementor-column-gap-default\">\n\t\t\t\t\t<div class=\"elementor-column elementor-col-100 elementor-top-column elementor-element elementor-element-7400c433\" data-id=\"7400c433\" data-element_type=\"column\" data-e-type=\"column\">\n\t\t\t<div class=\"elementor-widget-wrap elementor-element-populated\">\n\t\t\t\t\t\t<div class=\"elementor-element elementor-element-1ad058b0 elementor-widget elementor-widget-text-editor\" data-id=\"1ad058b0\" data-element_type=\"widget\" data-e-type=\"widget\" data-widget_type=\"text-editor.default\">\n\t\t\t\t<div class=\"elementor-widget-container\">\n\t\t\t\t\t\t\t\t\t<p>Unser Media Kit enth\u00e4lt Logos in verschiedenen Dateiformaten sowie diverse Produktfotos. Sollten Sie weitere Informationen ben\u00f6tigen oder spezielle Anfragen haben, k\u00f6nnen Sie sich gerne an uns wenden.<\/p><p><a href=\"https:\/\/nx6286.your-storageshare.de\/s\/oDY6Xs5GLePGxxr\" target=\"_blank\" rel=\"noreferrer noopener\">Media Kit herunterladen<\/a><\/p><h3 class=\"wp-block-heading\">Aktuelle Pressemitteilungen<\/h3><ul><li><a href=\"https:\/\/asbglassfloor.com\/de\/asb-glassfloor-sorgt-beim-nba-all-star-2024-fuer-aufsehen\/\">Digitaler Sportboden aus Glas sorgt beim NBA All-Star 2024 f\u00fcr Aufsehen<\/a><\/li><li><a href=\"https:\/\/asbglassfloor.com\/de\/asb-glassfloor-im-fokus-der-2024-state-farm-all-star-saturday-night\/\">ASB GlassFloor im Fokus der 2024 State Farm All-Star Saturday Night<\/a><\/li><li><a href=\"https:\/\/asbglassfloor.com\/de\/erstes-nba-event-auf-einem-glasboden\/\">ASB GlassFloor schreibt mit dem NBA All-Star Celebrity Game 2024 Geschichte: Erstes NBA-Event auf einem Glasboden<\/a><\/li><\/ul><h3 class=\"wp-block-heading\">Logo-Guidelines<\/h3><p>Wenn Sie das ASB GlassFloor Logo verwenden, sollten Sie diese Dinge beachten:<\/p><ul><li>Stellen Sie sicher, dass ausreichend Freiraum um das Logo herum vorhanden ist.<\/li><li>Verzerren Sie das Logo nicht.<\/li><li>Das Logo darf nicht umgef\u00e4rbt werden.<\/li><li>Verwenden Sie die richtige Gr\u00f6\u00dfe, damit das Logo nicht verpixelt ist.<\/li><\/ul><h3 class=\"wp-block-heading\">Logo-Farben<\/h3><p>Die verwendeten Farben des Logos sind:<\/p><ul><li>Schwarz (#000000)<\/li><li>Grau (#999999)<\/li><li>Wei\u00df (#FFFFFF)<\/li><\/ul><h3 class=\"wp-block-heading\">Verwendung von Produktnamen<\/h3><p>Alle unsere Produktnamen haben das Wort ASB in Gro\u00dfbuchstaben vor dem Produktnamen, gefolgt von einem Leerzeichen und dann einem Gro\u00dfbuchstaben. Bei allen Produktnamen, die aus kombinierten W\u00f6rtern bestehen, wird der Anfang jedes Wortes gro\u00df geschrieben.<\/p><p>Beispiele:<\/p><ul><li>ASB Multisport<\/li><li>ASB LumiFlex<\/li><\/ul><h3 class=\"wp-block-heading\">Presse-Anfragen<\/h3><p>Unser Medienteam steht Ihnen f\u00fcr Presseanfragen, Interviewanfragen und alle medienbezogenen Fragen gerne zur Verf\u00fcgung. Verwenden Sie dazu unsere <a href=\"\/de\/?page_id=5117\">Kontaktseite<\/a> oder kontaktieren Sie uns direkt unter der folgenden E-Mail-Adresse: <a href=\"mailto:press@asbglassfloor.com\">press@asbglassfloor.com<\/a><\/p>\t\t\t\t\t\t\t\t<\/div>\n\t\t\t\t<\/div>\n\t\t\t\t\t<\/div>\n\t\t<\/div>\n\t\t\t\t\t<\/div>\n\t\t<\/section>\n\t\t\t\t<\/div>\n\t\t","protected":false},"excerpt":{"rendered":"<p>Unser Media Kit enth\u00e4lt Logos in verschiedenen Dateiformaten sowie diverse Produktfotos. Sollten Sie weitere Informationen ben\u00f6tigen oder spezielle Anfragen haben, k\u00f6nnen Sie sich gerne an uns wenden. Media Kit herunterladen Aktuelle Pressemitteilungen Digitaler Sportboden aus Glas sorgt beim NBA All-Star 2024 f\u00fcr Aufsehen ASB GlassFloor im Fokus der 2024 State Farm All-Star Saturday Night ASB [&hellip;]<\/p>\n","protected":false},"author":2,"featured_media":11017,"parent":0,"menu_order":0,"comment_status":"closed","ping_status":"closed","template":"","meta":{"_acf_changed":false,"footnotes":""},"class_list":["post-5028","page","type-page","status-publish","has-post-thumbnail","hentry"],"acf":[],"jetpack_sharing_enabled":true,"jetpack-related-posts":[{"id":10108,"url":"https:\/\/asbglassfloor.com\/de\/asb-arena-and-event-services\/","url_meta":{"origin":5028,"position":0},"title":"ASB Arena and Event Services","author":"plandgraf","date":"5. August 2025","format":false,"excerpt":"\u00a0Fan- und Event-Erlebnisse neu definieren. ASB Arena & Event Services inspiriert Clubs, Ligen, Arenen und Eventveranstalter, ihr volles Vermarktungspotenzial zu entfalten und dabei Erlebnisse zu kreieren, die Fans begeistern und Events unvergesslich machen. Kontakt Sport und Events neu erlebbar machen Die Welt des Sports und der Events ver\u00e4ndert sich rasant.\u2026","rel":"","context":"\u00c4hnlicher Beitrag","block_context":{"text":"\u00c4hnlicher Beitrag","link":""},"img":{"alt_text":"","src":"https:\/\/i0.wp.com\/asbglassfloor.com\/wp-content\/uploads\/2026\/02\/asb-arena-and-event-services-bcl-final-four-2024-featured.jpg?fit=1200%2C675&ssl=1&resize=350%2C200","width":350,"height":200,"srcset":"https:\/\/i0.wp.com\/asbglassfloor.com\/wp-content\/uploads\/2026\/02\/asb-arena-and-event-services-bcl-final-four-2024-featured.jpg?fit=1200%2C675&ssl=1&resize=350%2C200 1x, https:\/\/i0.wp.com\/asbglassfloor.com\/wp-content\/uploads\/2026\/02\/asb-arena-and-event-services-bcl-final-four-2024-featured.jpg?fit=1200%2C675&ssl=1&resize=525%2C300 1.5x, https:\/\/i0.wp.com\/asbglassfloor.com\/wp-content\/uploads\/2026\/02\/asb-arena-and-event-services-bcl-final-four-2024-featured.jpg?fit=1200%2C675&ssl=1&resize=700%2C400 2x, https:\/\/i0.wp.com\/asbglassfloor.com\/wp-content\/uploads\/2026\/02\/asb-arena-and-event-services-bcl-final-four-2024-featured.jpg?fit=1200%2C675&ssl=1&resize=1050%2C600 3x"},"classes":[]},{"id":6616,"url":"https:\/\/asbglassfloor.com\/de\/referenzen\/","url_meta":{"origin":5028,"position":1},"title":"Referenzen","author":"TDS","date":"20. M\u00e4rz 2024","format":false,"excerpt":"Referenzen Entdecken sie eine Auswahl ausgew\u00e4hlter Projekte, die die Vielseitigkeit von ASB GlassFloor zeigen. Alle ASB LumiFlex ASB MultiSports NBA All-Star 2024 ASB LumiFlex FC Bayern Basketball ASB LumiFlex FIBA U19 \u2013 WM der Frauen 2023 ASB LumiFlex Joko & Klaas vs. Pro7 ASB LumiFlex FUZED ASB MultiSports Court 16\u2026","rel":"","context":"\u00c4hnlicher Beitrag","block_context":{"text":"\u00c4hnlicher Beitrag","link":""},"img":{"alt_text":"","src":"https:\/\/i0.wp.com\/asbglassfloor.com\/wp-content\/uploads\/2026\/02\/asb-glassfloor-asb-lumiflex-court-fc-bayern-basketball-bmw-park-munich-featured.webp?fit=1200%2C675&ssl=1&resize=350%2C200","width":350,"height":200,"srcset":"https:\/\/i0.wp.com\/asbglassfloor.com\/wp-content\/uploads\/2026\/02\/asb-glassfloor-asb-lumiflex-court-fc-bayern-basketball-bmw-park-munich-featured.webp?fit=1200%2C675&ssl=1&resize=350%2C200 1x, https:\/\/i0.wp.com\/asbglassfloor.com\/wp-content\/uploads\/2026\/02\/asb-glassfloor-asb-lumiflex-court-fc-bayern-basketball-bmw-park-munich-featured.webp?fit=1200%2C675&ssl=1&resize=525%2C300 1.5x, https:\/\/i0.wp.com\/asbglassfloor.com\/wp-content\/uploads\/2026\/02\/asb-glassfloor-asb-lumiflex-court-fc-bayern-basketball-bmw-park-munich-featured.webp?fit=1200%2C675&ssl=1&resize=700%2C400 2x, https:\/\/i0.wp.com\/asbglassfloor.com\/wp-content\/uploads\/2026\/02\/asb-glassfloor-asb-lumiflex-court-fc-bayern-basketball-bmw-park-munich-featured.webp?fit=1200%2C675&ssl=1&resize=1050%2C600 3x"},"classes":[]},{"id":5379,"url":"https:\/\/asbglassfloor.com\/home-3\/","url_meta":{"origin":5028,"position":2},"title":"Home","author":"plandgraf","date":"15. M\u00e4rz 2024","format":false,"excerpt":"Designed for the Athlete, Perfected for Performance Where cutting-edge technology meets athlete-focused engineering. Discover a sports flooring solution that enhances performance, reduces joint strain, and offers unparalleled versatility for every sport. Discover Possibilities Contact Us Unmatched Multifunctionality Seamlessly transition between different sports activities on a single surface, saving time and\u2026","rel":"","context":"\u00c4hnlicher Beitrag","block_context":{"text":"\u00c4hnlicher Beitrag","link":""},"img":{"alt_text":"","src":"https:\/\/i0.wp.com\/asbglassfloor.com\/wp-content\/uploads\/2026\/02\/asb-glassfloor-asb-lumiflex-court-fc-bayern-basketball-bmw-park-munich-featured.webp?fit=1200%2C675&ssl=1&resize=350%2C200","width":350,"height":200,"srcset":"https:\/\/i0.wp.com\/asbglassfloor.com\/wp-content\/uploads\/2026\/02\/asb-glassfloor-asb-lumiflex-court-fc-bayern-basketball-bmw-park-munich-featured.webp?fit=1200%2C675&ssl=1&resize=350%2C200 1x, https:\/\/i0.wp.com\/asbglassfloor.com\/wp-content\/uploads\/2026\/02\/asb-glassfloor-asb-lumiflex-court-fc-bayern-basketball-bmw-park-munich-featured.webp?fit=1200%2C675&ssl=1&resize=525%2C300 1.5x, https:\/\/i0.wp.com\/asbglassfloor.com\/wp-content\/uploads\/2026\/02\/asb-glassfloor-asb-lumiflex-court-fc-bayern-basketball-bmw-park-munich-featured.webp?fit=1200%2C675&ssl=1&resize=700%2C400 2x, https:\/\/i0.wp.com\/asbglassfloor.com\/wp-content\/uploads\/2026\/02\/asb-glassfloor-asb-lumiflex-court-fc-bayern-basketball-bmw-park-munich-featured.webp?fit=1200%2C675&ssl=1&resize=1050%2C600 3x"},"classes":[]},{"id":2117,"url":"https:\/\/asbglassfloor.com\/media-kit\/","url_meta":{"origin":5028,"position":3},"title":"Media Kit","author":"TDS","date":"5. September 2020","format":false,"excerpt":"Our press kit contains logos in a variety of file formats, along with product shots and information. Should you require further details or have any specific inquiries, please feel free to reach out to us. Download Media Kit Logo Usage GuidelinesWhen using the ASB GlassFloor logo, keep these things in\u2026","rel":"","context":"\u00c4hnlicher Beitrag","block_context":{"text":"\u00c4hnlicher Beitrag","link":""},"img":{"alt_text":"","src":"https:\/\/i0.wp.com\/asbglassfloor.com\/wp-content\/uploads\/2026\/02\/asb-glassfloor-asb-lumiflex-court-fc-bayern-basketball-bmw-park-munich-featured.webp?fit=1200%2C675&ssl=1&resize=350%2C200","width":350,"height":200,"srcset":"https:\/\/i0.wp.com\/asbglassfloor.com\/wp-content\/uploads\/2026\/02\/asb-glassfloor-asb-lumiflex-court-fc-bayern-basketball-bmw-park-munich-featured.webp?fit=1200%2C675&ssl=1&resize=350%2C200 1x, https:\/\/i0.wp.com\/asbglassfloor.com\/wp-content\/uploads\/2026\/02\/asb-glassfloor-asb-lumiflex-court-fc-bayern-basketball-bmw-park-munich-featured.webp?fit=1200%2C675&ssl=1&resize=525%2C300 1.5x, https:\/\/i0.wp.com\/asbglassfloor.com\/wp-content\/uploads\/2026\/02\/asb-glassfloor-asb-lumiflex-court-fc-bayern-basketball-bmw-park-munich-featured.webp?fit=1200%2C675&ssl=1&resize=700%2C400 2x, https:\/\/i0.wp.com\/asbglassfloor.com\/wp-content\/uploads\/2026\/02\/asb-glassfloor-asb-lumiflex-court-fc-bayern-basketball-bmw-park-munich-featured.webp?fit=1200%2C675&ssl=1&resize=1050%2C600 3x"},"classes":[]},{"id":5380,"url":"https:\/\/asbglassfloor.com\/de\/","url_meta":{"origin":5028,"position":4},"title":"Startseite","author":"plandgraf","date":"15. M\u00e4rz 2024","format":false,"excerpt":"Entwickelt f\u00fcr Athleten, optimiert f\u00fcr Performance Wo Spitzentechnologie auf sportlerfokussierte Ingenieursleistung trifft. Entdecken Sie eine Sportbodenl\u00f6sung, welche die Leistung steigert, Gelenkbelastung reduziert und f\u00fcr jede Sportart eine beispiellose Vielseitigkeit bietet. M\u00f6glichkeiten entdecken Kontakt UnerreichteMultifunktionalit\u00e4tNahtlos zwischen verschiedenen Sportaktivit\u00e4ten auf einer einzigen Oberfl\u00e4che wechseln und dabei Zeit und Ressourcen sparen. Von Basketball\u2026","rel":"","context":"\u00c4hnlicher Beitrag","block_context":{"text":"\u00c4hnlicher Beitrag","link":""},"img":{"alt_text":"","src":"https:\/\/i0.wp.com\/asbglassfloor.com\/wp-content\/uploads\/2026\/02\/asb-glassfloor-asb-lumiflex-court-fc-bayern-basketball-bmw-park-munich-featured.webp?fit=1200%2C675&ssl=1&resize=350%2C200","width":350,"height":200,"srcset":"https:\/\/i0.wp.com\/asbglassfloor.com\/wp-content\/uploads\/2026\/02\/asb-glassfloor-asb-lumiflex-court-fc-bayern-basketball-bmw-park-munich-featured.webp?fit=1200%2C675&ssl=1&resize=350%2C200 1x, https:\/\/i0.wp.com\/asbglassfloor.com\/wp-content\/uploads\/2026\/02\/asb-glassfloor-asb-lumiflex-court-fc-bayern-basketball-bmw-park-munich-featured.webp?fit=1200%2C675&ssl=1&resize=525%2C300 1.5x, https:\/\/i0.wp.com\/asbglassfloor.com\/wp-content\/uploads\/2026\/02\/asb-glassfloor-asb-lumiflex-court-fc-bayern-basketball-bmw-park-munich-featured.webp?fit=1200%2C675&ssl=1&resize=700%2C400 2x, https:\/\/i0.wp.com\/asbglassfloor.com\/wp-content\/uploads\/2026\/02\/asb-glassfloor-asb-lumiflex-court-fc-bayern-basketball-bmw-park-munich-featured.webp?fit=1200%2C675&ssl=1&resize=1050%2C600 3x"},"classes":[]},{"id":4148,"url":"https:\/\/asbglassfloor.com\/about\/","url_meta":{"origin":5028,"position":5},"title":"Company","author":"TDS","date":"10. Juli 2023","format":false,"excerpt":"ASB GlassFloor The world's most advanced and versatile flooring system. Learn More https:\/\/www.youtube.com\/watch?v=e34emdsD4Ig At ASB GlassFloor, we redefine possibilities by merging innovation with tradition to craft cutting-edge sports flooring solutions. Our journey as pioneers in sports surfaces began with revolutionising squash and has evolved to craft the world's most advanced\u2026","rel":"","context":"\u00c4hnlicher Beitrag","block_context":{"text":"\u00c4hnlicher Beitrag","link":""},"img":{"alt_text":"","src":"https:\/\/i0.wp.com\/asbglassfloor.com\/wp-content\/uploads\/2025\/11\/Bild-Kampagne-2025.png?fit=600%2C426&ssl=1&resize=350%2C200","width":350,"height":200,"srcset":"https:\/\/i0.wp.com\/asbglassfloor.com\/wp-content\/uploads\/2025\/11\/Bild-Kampagne-2025.png?fit=600%2C426&ssl=1&resize=350%2C200 1x, https:\/\/i0.wp.com\/asbglassfloor.com\/wp-content\/uploads\/2025\/11\/Bild-Kampagne-2025.png?fit=600%2C426&ssl=1&resize=525%2C300 1.5x"},"classes":[]}],"_links":{"self":[{"href":"https:\/\/asbglassfloor.com\/de\/wp-json\/wp\/v2\/pages\/5028","targetHints":{"allow":["GET"]}}],"collection":[{"href":"https:\/\/asbglassfloor.com\/de\/wp-json\/wp\/v2\/pages"}],"about":[{"href":"https:\/\/asbglassfloor.com\/de\/wp-json\/wp\/v2\/types\/page"}],"author":[{"embeddable":true,"href":"https:\/\/asbglassfloor.com\/de\/wp-json\/wp\/v2\/users\/2"}],"replies":[{"embeddable":true,"href":"https:\/\/asbglassfloor.com\/de\/wp-json\/wp\/v2\/comments?post=5028"}],"version-history":[{"count":22,"href":"https:\/\/asbglassfloor.com\/de\/wp-json\/wp\/v2\/pages\/5028\/revisions"}],"predecessor-version":[{"id":6245,"href":"https:\/\/asbglassfloor.com\/de\/wp-json\/wp\/v2\/pages\/5028\/revisions\/6245"}],"wp:featuredmedia":[{"embeddable":true,"href":"https:\/\/asbglassfloor.com\/de\/wp-json\/wp\/v2\/media\/11017"}],"wp:attachment":[{"href":"https:\/\/asbglassfloor.com\/de\/wp-json\/wp\/v2\/media?parent=5028"}],"curies":[{"name":"wp","href":"https:\/\/api.w.org\/{rel}","templated":true}]}}