{"id":5055,"date":"2023-07-08T22:06:53","date_gmt":"2023-07-08T22:06:53","guid":{"rendered":"https:\/\/asbglassfloor.com\/haftungsausschluss\/"},"modified":"2024-09-04T08:39:00","modified_gmt":"2024-09-04T08:39:00","slug":"haftungsausschluss","status":"publish","type":"page","link":"https:\/\/asbglassfloor.com\/de\/haftungsausschluss\/","title":{"rendered":"Haftungsausschluss"},"content":{"rendered":"\t\t<div data-elementor-type=\"wp-page\" data-elementor-id=\"5055\" class=\"elementor elementor-5055 elementor-2511\" data-elementor-settings=\"{&quot;page_masthead_image_height&quot;:{&quot;unit&quot;:&quot;px&quot;,&quot;size&quot;:900,&quot;sizes&quot;:[]},&quot;page_masthead_image_height_tablet&quot;:{&quot;unit&quot;:&quot;vh&quot;,&quot;size&quot;:70,&quot;sizes&quot;:[]},&quot;page_masthead_image_height_mobile&quot;:{&quot;unit&quot;:&quot;vh&quot;,&quot;size&quot;:50,&quot;sizes&quot;:[]},&quot;page_masthead_background_position_x&quot;:{&quot;unit&quot;:&quot;%&quot;,&quot;size&quot;:50,&quot;sizes&quot;:[]},&quot;page_masthead_background_position_x_tablet&quot;:{&quot;unit&quot;:&quot;%&quot;,&quot;size&quot;:50,&quot;sizes&quot;:[]},&quot;page_masthead_background_position_x_mobile&quot;:{&quot;unit&quot;:&quot;%&quot;,&quot;size&quot;:50,&quot;sizes&quot;:[]},&quot;page_masthead_background_position_y&quot;:{&quot;unit&quot;:&quot;%&quot;,&quot;size&quot;:50,&quot;sizes&quot;:[]},&quot;page_masthead_background_position_y_tablet&quot;:{&quot;unit&quot;:&quot;%&quot;,&quot;size&quot;:50,&quot;sizes&quot;:[]},&quot;page_masthead_background_position_y_mobile&quot;:{&quot;unit&quot;:&quot;%&quot;,&quot;size&quot;:50,&quot;sizes&quot;:[]},&quot;rhye_hide_title_disabled&quot;:&quot;yes&quot;}\">\n\t\t\t\t\t\t<section class=\"elementor-section elementor-top-section elementor-element elementor-element-4d33ae4c elementor-section-boxed elementor-section-height-default elementor-section-height-default\" data-id=\"4d33ae4c\" data-element_type=\"section\" data-e-type=\"section\" data-settings=\"{&quot;background_background&quot;:&quot;classic&quot;}\">\n\t\t\t\t\t\t<div class=\"elementor-container elementor-column-gap-default\">\n\t\t\t\t\t<div class=\"elementor-column elementor-col-100 elementor-top-column elementor-element elementor-element-453619b9\" data-id=\"453619b9\" data-element_type=\"column\" data-e-type=\"column\" data-settings=\"{&quot;background_background&quot;:&quot;classic&quot;}\">\n\t\t\t<div class=\"elementor-widget-wrap elementor-element-populated\">\n\t\t\t\t\t\t<div class=\"elementor-element elementor-element-3a050111 elementor-widget elementor-widget-text-editor\" data-id=\"3a050111\" data-element_type=\"widget\" data-e-type=\"widget\" data-widget_type=\"text-editor.default\">\n\t\t\t\t<div class=\"elementor-widget-container\">\n\t\t\t\t\t\t\t\t\t<br><h3>Inhalt des Onlineangebotes<\/h3>\n<p>Der Autor \u00fcbernimmt keinerlei Gew\u00e4hr f\u00fcr die Aktualit\u00e4t, Korrektheit, Vollst\u00e4ndigkeit oder Qualit\u00e4t der bereitgestellten Informationen. Haftungsanspr\u00fcche gegen den Autor, welche sich auf Sch\u00e4den materieller oder ideeller Art beziehen, die durch die Nutzung oder Nichtnutzung der dargebotenen Informationen bzw. durch die Nutzung fehlerhafter und unvollst\u00e4ndiger Informationen verursacht wurden, sind grunds\u00e4tzlich ausgeschlossen, sofern seitens des Autors kein nachweislich vors\u00e4tzliches oder grob fahrl\u00e4ssiges Verschulden vorliegt. Alle Angebote sind freibleibend und unverbindlich. Der Autor beh\u00e4lt es sich ausdr\u00fccklich vor, Teile der Seiten oder das gesamte Angebot ohne gesonderte Ank\u00fcndigung zu ver\u00e4ndern, zu erg\u00e4nzen, zu l\u00f6schen oder die Ver\u00f6ffentlichung zeitweise oder endg\u00fcltig einzustellen.<\/p>\n<h3>Verweise und Links<\/h3>\n<p>Bei direkten oder indirekten Verweisen auf fremde Webseiten (\u201eHyperlinks\u201c), die au\u00dferhalb des Verantwortungsbereiches des Autors liegen, w\u00fcrde eine Haftungsverpflichtung ausschlie\u00dflich in dem Fall in Kraft treten, in dem der Autor von den Inhalten Kenntnis hat und es ihm technisch m\u00f6glich und zumutbar w\u00e4re, die Nutzung im Falle rechtswidriger Inhalte zu verhindern. Der Autor erkl\u00e4rt hiermit ausdr\u00fccklich, dass zum Zeitpunkt der Linksetzung keine illegalen Inhalte auf den zu verlinkenden Seiten erkennbar waren. Auf die aktuelle und zuk\u00fcnftige Gestaltung, die Inhalte oder die Urheberschaft der verlinkten\/verkn\u00fcpften Seiten hat der Autor keinerlei Einfluss. Deshalb distanziert er sich hiermit ausdr\u00fccklich von allen Inhalten aller verlinkten \/verkn\u00fcpften Seiten, die nach der Linksetzung ver\u00e4ndert wurden. Diese Feststellung gilt f\u00fcr alle innerhalb des eigenen Internetangebotes gesetzten Links und Verweise sowie f\u00fcr Fremdeintr\u00e4ge in vom Autor eingerichteten G\u00e4steb\u00fcchern, Diskussionsforen, Linkverzeichnissen, Mailinglisten und in allen anderen Formen von Datenbanken, auf deren Inhalt externe Schreibzugriffe m\u00f6glich sind. F\u00fcr illegale, fehlerhafte oder unvollst\u00e4ndige Inhalte und insbesondere f\u00fcr Sch\u00e4den, die aus der Nutzung oder Nichtnutzung solcherart dargebotener Informationen entstehen, haftet allein der Anbieter der Seite, auf welche verwiesen wurde, nicht derjenige, der \u00fcber Links auf die jeweilige Ver\u00f6ffentlichung lediglich verweist.<\/p>\n<h3>Urheber- und Kennzeichenrecht<\/h3>\n<p>Der Autor ist bestrebt, in allen Publikationen die Urheberrechte der verwendeten Bilder, Grafiken, Tondokumente, Videosequenzen und Texte zu beachten, von ihm selbst erstellte Bilder, Grafiken, Tondokumente, Videosequenzen und Texte zu nutzen oder auf lizenzfreie Grafiken, Tondokumente, Videosequenzen und Texte zur\u00fcckzugreifen. Alle innerhalb des Internetangebotes genannten und ggf. durch Dritte gesch\u00fctzten Marken- und Warenzeichen unterliegen uneingeschr\u00e4nkt den Bestimmungen des jeweils g\u00fcltigen Kennzeichenrechts und den Besitzrechten der jeweiligen eingetragenen Eigent\u00fcmer. Allein aufgrund der blo\u00dfen Nennung ist nicht der Schluss zu ziehen, dass Markenzeichen nicht durch Rechte Dritter gesch\u00fctzt sind! Das Copyright f\u00fcr ver\u00f6ffentlichte, vom Autor selbst erstellte Objekte bleibt allein beim Autor der Seiten. Eine Vervielf\u00e4ltigung oder Verwendung solcher Grafiken, Tondokumente, Videosequenzen und Texte in anderen elektronischen oder gedruckten Publikationen ist ohne ausdr\u00fcckliche Zustimmung des Autors nicht gestattet.<\/p>\n<h3>Datenschutz<\/h3>\n<p>Sofern innerhalb des Internetangebotes die M\u00f6glichkeit zur Eingabe pers\u00f6nlicher oder gesch\u00e4ftlicher Daten (Emailadressen, Namen, Anschriften) besteht, so erfolgt die Preisgabe dieser Daten seitens des Nutzers auf ausdr\u00fccklich freiwilliger Basis. Die Inanspruchnahme und Bezahlung aller angebotenen Dienste ist \u2013 soweit technisch m\u00f6glich und zumutbar \u2013 auch ohne Angabe solcher Daten bzw. unter Angabe anonymisierter Daten oder eines Pseudonyms gestattet. Die Nutzung der im Rahmen des Impressums oder vergleichbarer Angaben ver\u00f6ffentlichten Kontaktdaten wie Postanschriften, Telefon- und Faxnummern sowie Emailadressen durch Dritte zur \u00dcbersendung von nicht ausdr\u00fccklich angeforderten Informationen ist nicht gestattet. Rechtliche Schritte gegen die Versender von sogenannten Spam-Mails bei Verst\u00f6ssen gegen dieses Verbot sind ausdr\u00fccklich vorbehalten.<\/p>\n<h3>Rechtsg\u00fcltigkeit dieses Haftungsausschlusses<\/h3>\n<p>Dieser Haftungsausschluss ist als Teil des Internetangebotes zu betrachten, von dem aus auf diese Seite verwiesen wurde. Sofern Teile oder einzelne Formulierungen dieses Textes der geltenden Rechtslage nicht, nicht mehr oder nicht vollst\u00e4ndig entsprechen sollten, bleiben die \u00fcbrigen Teile des Dokumentes in ihrem Inhalt und ihrer G\u00fcltigkeit davon unber\u00fchrt.<\/p>\t\t\t\t\t\t\t\t<\/div>\n\t\t\t\t<\/div>\n\t\t\t\t\t<\/div>\n\t\t<\/div>\n\t\t\t\t\t<\/div>\n\t\t<\/section>\n\t\t\t\t<\/div>\n\t\t","protected":false},"excerpt":{"rendered":"<p>Inhalt des Onlineangebotes Der Autor \u00fcbernimmt keinerlei Gew\u00e4hr f\u00fcr die Aktualit\u00e4t, Korrektheit, Vollst\u00e4ndigkeit oder Qualit\u00e4t der bereitgestellten Informationen. Haftungsanspr\u00fcche gegen den Autor, welche sich auf Sch\u00e4den materieller oder ideeller Art beziehen, die durch die Nutzung oder Nichtnutzung der dargebotenen Informationen bzw. durch die Nutzung fehlerhafter und unvollst\u00e4ndiger Informationen verursacht wurden, sind grunds\u00e4tzlich ausgeschlossen, sofern seitens [&hellip;]<\/p>\n","protected":false},"author":2,"featured_media":11017,"parent":0,"menu_order":0,"comment_status":"closed","ping_status":"open","template":"elementor_theme","meta":{"_acf_changed":false,"footnotes":""},"class_list":["post-5055","page","type-page","status-publish","has-post-thumbnail","hentry"],"acf":[],"jetpack_sharing_enabled":true,"jetpack-related-posts":[{"id":5056,"url":"https:\/\/asbglassfloor.com\/de\/datenschutzbestimmungen\/","url_meta":{"origin":5055,"position":0},"title":"Datenschutzbestimmungen","author":"asbglassfloor","date":"27. Juni 2023","format":false,"excerpt":"1. Datenschutz auf einen Blick Allgemeine Hinweise Die folgenden Hinweise geben einen einfachen \u00dcberblick dar\u00fcber, was mit Ihren personenbezogenen Daten passiert, wenn Sie unsere Website besuchen. Personenbezogene Daten sind alle Daten, mit denen Sie pers\u00f6nlich identifiziert werden k\u00f6nnen. Ausf\u00fchrliche Informationen zum Thema Datenschutz entnehmen Sie unserer unter diesem Text aufgef\u00fchrten\u2026","rel":"","context":"\u00c4hnlicher Beitrag","block_context":{"text":"\u00c4hnlicher Beitrag","link":""},"img":{"alt_text":"","src":"https:\/\/i0.wp.com\/asbglassfloor.com\/wp-content\/uploads\/2026\/02\/asb-glassfloor-asb-lumiflex-court-fc-bayern-basketball-bmw-park-munich-featured.webp?fit=1200%2C675&ssl=1&resize=350%2C200","width":350,"height":200,"srcset":"https:\/\/i0.wp.com\/asbglassfloor.com\/wp-content\/uploads\/2026\/02\/asb-glassfloor-asb-lumiflex-court-fc-bayern-basketball-bmw-park-munich-featured.webp?fit=1200%2C675&ssl=1&resize=350%2C200 1x, https:\/\/i0.wp.com\/asbglassfloor.com\/wp-content\/uploads\/2026\/02\/asb-glassfloor-asb-lumiflex-court-fc-bayern-basketball-bmw-park-munich-featured.webp?fit=1200%2C675&ssl=1&resize=525%2C300 1.5x, https:\/\/i0.wp.com\/asbglassfloor.com\/wp-content\/uploads\/2026\/02\/asb-glassfloor-asb-lumiflex-court-fc-bayern-basketball-bmw-park-munich-featured.webp?fit=1200%2C675&ssl=1&resize=700%2C400 2x, https:\/\/i0.wp.com\/asbglassfloor.com\/wp-content\/uploads\/2026\/02\/asb-glassfloor-asb-lumiflex-court-fc-bayern-basketball-bmw-park-munich-featured.webp?fit=1200%2C675&ssl=1&resize=1050%2C600 3x"},"classes":[]},{"id":7647,"url":"https:\/\/asbglassfloor.com\/de\/karriere\/","url_meta":{"origin":5055,"position":1},"title":"Karriere","author":"plandgraf","date":"6. Juni 2024","format":false,"excerpt":"Ver\u00e4ndere mit uns die Sportwelt Wir sind ASB GlassFloor - ein mittelst\u00e4ndisches Unternehmen mit einer gro\u00dfen Mission: die Welt des Hallensports nachhaltig zu ver\u00e4ndern. Wir sind von Innovation und Leidenschaft f\u00fcr Sport getrieben und suchen engagierte Talente, die sich unserem Team anschlie\u00dfen m\u00f6chten. Unsere Kultur Unsere Unternehmenskultur ist gepr\u00e4gt von\u2026","rel":"","context":"\u00c4hnlicher Beitrag","block_context":{"text":"\u00c4hnlicher Beitrag","link":""},"img":{"alt_text":"","src":"https:\/\/i0.wp.com\/asbglassfloor.com\/wp-content\/uploads\/2024\/06\/ASB-GlassFloor-Karriere-Verandere-mit-uns-die-Sportwelt-e1717665706795.png?fit=1200%2C852&ssl=1&resize=350%2C200","width":350,"height":200,"srcset":"https:\/\/i0.wp.com\/asbglassfloor.com\/wp-content\/uploads\/2024\/06\/ASB-GlassFloor-Karriere-Verandere-mit-uns-die-Sportwelt-e1717665706795.png?fit=1200%2C852&ssl=1&resize=350%2C200 1x, https:\/\/i0.wp.com\/asbglassfloor.com\/wp-content\/uploads\/2024\/06\/ASB-GlassFloor-Karriere-Verandere-mit-uns-die-Sportwelt-e1717665706795.png?fit=1200%2C852&ssl=1&resize=525%2C300 1.5x, https:\/\/i0.wp.com\/asbglassfloor.com\/wp-content\/uploads\/2024\/06\/ASB-GlassFloor-Karriere-Verandere-mit-uns-die-Sportwelt-e1717665706795.png?fit=1200%2C852&ssl=1&resize=700%2C400 2x, https:\/\/i0.wp.com\/asbglassfloor.com\/wp-content\/uploads\/2024\/06\/ASB-GlassFloor-Karriere-Verandere-mit-uns-die-Sportwelt-e1717665706795.png?fit=1200%2C852&ssl=1&resize=1050%2C600 3x"},"classes":[]},{"id":5808,"url":"https:\/\/asbglassfloor.com\/de\/asb-multisports\/","url_meta":{"origin":5055,"position":2},"title":"ASB MultiSports","author":"TDS","date":"22. August 2023","format":false,"excerpt":"ASB MultiSports Der Sportboden ohne Linienchaos. Ob Basketball, Volleyball, oder jeder andere Indoor-Sport: Mit einem einfachen Knopfdruck kann das Spielfeld nach Bedarf angepasst werden. Mit dem Ausschalten der Linien, verwandelt sich der Raum in eine Ausstellungsfl\u00e4che oder einen Raum f\u00fcr besondere Veranstaltungen. Mehr erfahren Vorteile ZERTIFIZIERT Der ASB MultiSports ist\u2026","rel":"","context":"\u00c4hnlicher Beitrag","block_context":{"text":"\u00c4hnlicher Beitrag","link":""},"img":{"alt_text":"","src":"https:\/\/i0.wp.com\/asbglassfloor.com\/wp-content\/uploads\/2026\/02\/asb-glassfloor-asb-multisports-oym-featured.jpg?fit=1200%2C675&ssl=1&resize=350%2C200","width":350,"height":200,"srcset":"https:\/\/i0.wp.com\/asbglassfloor.com\/wp-content\/uploads\/2026\/02\/asb-glassfloor-asb-multisports-oym-featured.jpg?fit=1200%2C675&ssl=1&resize=350%2C200 1x, https:\/\/i0.wp.com\/asbglassfloor.com\/wp-content\/uploads\/2026\/02\/asb-glassfloor-asb-multisports-oym-featured.jpg?fit=1200%2C675&ssl=1&resize=525%2C300 1.5x, https:\/\/i0.wp.com\/asbglassfloor.com\/wp-content\/uploads\/2026\/02\/asb-glassfloor-asb-multisports-oym-featured.jpg?fit=1200%2C675&ssl=1&resize=700%2C400 2x, https:\/\/i0.wp.com\/asbglassfloor.com\/wp-content\/uploads\/2026\/02\/asb-glassfloor-asb-multisports-oym-featured.jpg?fit=1200%2C675&ssl=1&resize=1050%2C600 3x"},"classes":[]},{"id":10865,"url":"https:\/\/asbglassfloor.com\/de\/glasscourt-os\/","url_meta":{"origin":5055,"position":3},"title":"GlassCourt OS","author":"plandgraf","date":"9. Dezember 2025","format":false,"excerpt":"GlassCourt OS Die smarte Software, die den ASB GlassFloor in einen lebendigen, datengetriebenen Sportboden verwandelt. Die Software hinter ASB GlassFloor GlassCourt OS ist das Software-\u00d6kosystem, das den LumiFlex ASB GlassFloor antreibt und die Sportfl\u00e4che vollst\u00e4ndig interaktiv macht.8K-Videowiedergabe, Animationen, die auf das Spielgeschehen reagieren, Echtzeit-Statistikintegration, Spieler-Tracking und interaktive Spiele heben das\u2026","rel":"","context":"\u00c4hnlicher Beitrag","block_context":{"text":"\u00c4hnlicher Beitrag","link":""},"img":{"alt_text":"","src":"https:\/\/i0.wp.com\/asbglassfloor.com\/wp-content\/uploads\/2025\/12\/glasscourt-os-apps.webp?resize=350%2C200&ssl=1","width":350,"height":200,"srcset":"https:\/\/i0.wp.com\/asbglassfloor.com\/wp-content\/uploads\/2025\/12\/glasscourt-os-apps.webp?resize=350%2C200&ssl=1 1x, https:\/\/i0.wp.com\/asbglassfloor.com\/wp-content\/uploads\/2025\/12\/glasscourt-os-apps.webp?resize=525%2C300&ssl=1 1.5x, https:\/\/i0.wp.com\/asbglassfloor.com\/wp-content\/uploads\/2025\/12\/glasscourt-os-apps.webp?resize=700%2C400&ssl=1 2x, https:\/\/i0.wp.com\/asbglassfloor.com\/wp-content\/uploads\/2025\/12\/glasscourt-os-apps.webp?resize=1050%2C600&ssl=1 3x, https:\/\/i0.wp.com\/asbglassfloor.com\/wp-content\/uploads\/2025\/12\/glasscourt-os-apps.webp?resize=1400%2C800&ssl=1 4x"},"classes":[]},{"id":5028,"url":"https:\/\/asbglassfloor.com\/de\/mediakit\/","url_meta":{"origin":5055,"position":4},"title":"Media Kit","author":"TDS","date":"5. September 2020","format":false,"excerpt":"Unser Media Kit enth\u00e4lt Logos in verschiedenen Dateiformaten sowie diverse Produktfotos. Sollten Sie weitere Informationen ben\u00f6tigen oder spezielle Anfragen haben, k\u00f6nnen Sie sich gerne an uns wenden.Media Kit herunterladenAktuelle PressemitteilungenDigitaler Sportboden aus Glas sorgt beim NBA All-Star 2024 f\u00fcr AufsehenASB GlassFloor im Fokus der 2024 State Farm All-Star Saturday NightASB\u2026","rel":"","context":"\u00c4hnlicher Beitrag","block_context":{"text":"\u00c4hnlicher Beitrag","link":""},"img":{"alt_text":"","src":"https:\/\/i0.wp.com\/asbglassfloor.com\/wp-content\/uploads\/2026\/02\/asb-glassfloor-asb-lumiflex-court-fc-bayern-basketball-bmw-park-munich-featured.webp?fit=1200%2C675&ssl=1&resize=350%2C200","width":350,"height":200,"srcset":"https:\/\/i0.wp.com\/asbglassfloor.com\/wp-content\/uploads\/2026\/02\/asb-glassfloor-asb-lumiflex-court-fc-bayern-basketball-bmw-park-munich-featured.webp?fit=1200%2C675&ssl=1&resize=350%2C200 1x, https:\/\/i0.wp.com\/asbglassfloor.com\/wp-content\/uploads\/2026\/02\/asb-glassfloor-asb-lumiflex-court-fc-bayern-basketball-bmw-park-munich-featured.webp?fit=1200%2C675&ssl=1&resize=525%2C300 1.5x, https:\/\/i0.wp.com\/asbglassfloor.com\/wp-content\/uploads\/2026\/02\/asb-glassfloor-asb-lumiflex-court-fc-bayern-basketball-bmw-park-munich-featured.webp?fit=1200%2C675&ssl=1&resize=700%2C400 2x, https:\/\/i0.wp.com\/asbglassfloor.com\/wp-content\/uploads\/2026\/02\/asb-glassfloor-asb-lumiflex-court-fc-bayern-basketball-bmw-park-munich-featured.webp?fit=1200%2C675&ssl=1&resize=1050%2C600 3x"},"classes":[]},{"id":10108,"url":"https:\/\/asbglassfloor.com\/de\/asb-arena-and-event-services\/","url_meta":{"origin":5055,"position":5},"title":"ASB Arena and Event Services","author":"plandgraf","date":"5. August 2025","format":false,"excerpt":"\u00a0Fan- und Event-Erlebnisse neu definieren. ASB Arena & Event Services inspiriert Clubs, Ligen, Arenen und Eventveranstalter, ihr volles Vermarktungspotenzial zu entfalten und dabei Erlebnisse zu kreieren, die Fans begeistern und Events unvergesslich machen. Kontakt Sport und Events neu erlebbar machen Die Welt des Sports und der Events ver\u00e4ndert sich rasant.\u2026","rel":"","context":"\u00c4hnlicher Beitrag","block_context":{"text":"\u00c4hnlicher Beitrag","link":""},"img":{"alt_text":"","src":"https:\/\/i0.wp.com\/asbglassfloor.com\/wp-content\/uploads\/2026\/02\/asb-arena-and-event-services-bcl-final-four-2024-featured.jpg?fit=1200%2C675&ssl=1&resize=350%2C200","width":350,"height":200,"srcset":"https:\/\/i0.wp.com\/asbglassfloor.com\/wp-content\/uploads\/2026\/02\/asb-arena-and-event-services-bcl-final-four-2024-featured.jpg?fit=1200%2C675&ssl=1&resize=350%2C200 1x, https:\/\/i0.wp.com\/asbglassfloor.com\/wp-content\/uploads\/2026\/02\/asb-arena-and-event-services-bcl-final-four-2024-featured.jpg?fit=1200%2C675&ssl=1&resize=525%2C300 1.5x, https:\/\/i0.wp.com\/asbglassfloor.com\/wp-content\/uploads\/2026\/02\/asb-arena-and-event-services-bcl-final-four-2024-featured.jpg?fit=1200%2C675&ssl=1&resize=700%2C400 2x, https:\/\/i0.wp.com\/asbglassfloor.com\/wp-content\/uploads\/2026\/02\/asb-arena-and-event-services-bcl-final-four-2024-featured.jpg?fit=1200%2C675&ssl=1&resize=1050%2C600 3x"},"classes":[]}],"_links":{"self":[{"href":"https:\/\/asbglassfloor.com\/de\/wp-json\/wp\/v2\/pages\/5055","targetHints":{"allow":["GET"]}}],"collection":[{"href":"https:\/\/asbglassfloor.com\/de\/wp-json\/wp\/v2\/pages"}],"about":[{"href":"https:\/\/asbglassfloor.com\/de\/wp-json\/wp\/v2\/types\/page"}],"author":[{"embeddable":true,"href":"https:\/\/asbglassfloor.com\/de\/wp-json\/wp\/v2\/users\/2"}],"replies":[{"embeddable":true,"href":"https:\/\/asbglassfloor.com\/de\/wp-json\/wp\/v2\/comments?post=5055"}],"version-history":[{"count":7,"href":"https:\/\/asbglassfloor.com\/de\/wp-json\/wp\/v2\/pages\/5055\/revisions"}],"predecessor-version":[{"id":8343,"href":"https:\/\/asbglassfloor.com\/de\/wp-json\/wp\/v2\/pages\/5055\/revisions\/8343"}],"wp:featuredmedia":[{"embeddable":true,"href":"https:\/\/asbglassfloor.com\/de\/wp-json\/wp\/v2\/media\/11017"}],"wp:attachment":[{"href":"https:\/\/asbglassfloor.com\/de\/wp-json\/wp\/v2\/media?parent=5055"}],"curies":[{"name":"wp","href":"https:\/\/api.w.org\/{rel}","templated":true}]}}