{"id":5150,"date":"2023-11-08T09:49:23","date_gmt":"2023-11-08T09:49:23","guid":{"rendered":"https:\/\/asbglassfloor.com\/impressum\/"},"modified":"2024-11-11T15:12:36","modified_gmt":"2024-11-11T15:12:36","slug":"impressum","status":"publish","type":"page","link":"https:\/\/asbglassfloor.com\/de\/impressum\/","title":{"rendered":"Impressum"},"content":{"rendered":"\t\t<div data-elementor-type=\"wp-page\" data-elementor-id=\"5150\" class=\"elementor elementor-5150 elementor-4140\" data-elementor-settings=\"{&quot;page_masthead_image_height&quot;:{&quot;unit&quot;:&quot;px&quot;,&quot;size&quot;:900,&quot;sizes&quot;:[]},&quot;page_masthead_image_height_tablet&quot;:{&quot;unit&quot;:&quot;vh&quot;,&quot;size&quot;:70,&quot;sizes&quot;:[]},&quot;page_masthead_image_height_mobile&quot;:{&quot;unit&quot;:&quot;vh&quot;,&quot;size&quot;:50,&quot;sizes&quot;:[]},&quot;page_masthead_background_position_x&quot;:{&quot;unit&quot;:&quot;%&quot;,&quot;size&quot;:50,&quot;sizes&quot;:[]},&quot;page_masthead_background_position_x_tablet&quot;:{&quot;unit&quot;:&quot;%&quot;,&quot;size&quot;:50,&quot;sizes&quot;:[]},&quot;page_masthead_background_position_x_mobile&quot;:{&quot;unit&quot;:&quot;%&quot;,&quot;size&quot;:50,&quot;sizes&quot;:[]},&quot;page_masthead_background_position_y&quot;:{&quot;unit&quot;:&quot;%&quot;,&quot;size&quot;:50,&quot;sizes&quot;:[]},&quot;page_masthead_background_position_y_tablet&quot;:{&quot;unit&quot;:&quot;%&quot;,&quot;size&quot;:50,&quot;sizes&quot;:[]},&quot;page_masthead_background_position_y_mobile&quot;:{&quot;unit&quot;:&quot;%&quot;,&quot;size&quot;:50,&quot;sizes&quot;:[]},&quot;rhye_hide_title_disabled&quot;:&quot;yes&quot;}\">\n\t\t\t\t\t\t<section class=\"elementor-section elementor-top-section elementor-element elementor-element-4d33ae4c elementor-section-boxed elementor-section-height-default elementor-section-height-default\" data-id=\"4d33ae4c\" data-element_type=\"section\" data-e-type=\"section\" data-settings=\"{&quot;background_background&quot;:&quot;classic&quot;}\">\n\t\t\t\t\t\t<div class=\"elementor-container elementor-column-gap-default\">\n\t\t\t\t\t<div class=\"elementor-column elementor-col-100 elementor-top-column elementor-element elementor-element-453619b9\" data-id=\"453619b9\" data-element_type=\"column\" data-e-type=\"column\" data-settings=\"{&quot;background_background&quot;:&quot;classic&quot;}\">\n\t\t\t<div class=\"elementor-widget-wrap elementor-element-populated\">\n\t\t\t\t\t\t<div class=\"elementor-element elementor-element-3a050111 elementor-widget elementor-widget-text-editor\" data-id=\"3a050111\" data-element_type=\"widget\" data-e-type=\"widget\" data-widget_type=\"text-editor.default\">\n\t\t\t\t<div class=\"elementor-widget-container\">\n\t\t\t\t\t\t\t\t\t<h3>Impressum<\/h3><p>ASB Systembau Horst Babinsky GmbH<br \/>Fabrikstra\u00dfe 14<br \/>D-83371 Stein<br \/>Deutschland<\/p><p>Tel: +49 (0) 8621 \/ 98740<br \/>Fax: +49(0) 8621 \/ 987420<\/p><p>E-Mail: info@asbglassfloor.com<br \/>Homepage: www.asbglassfloor.com<\/p><p>Reg. Ger. Traunstein HRB 681<br \/>Ust.\/Umsatzsteuer-Nr.: DE 131563651<\/p><p>Gesch\u00e4ftsf\u00fchrer: Christof Babinsky<\/p><p>\u00a0<\/p><p><a href=\"\/wp-content\/uploads\/2023\/07\/asb_agb_english.pdf\" target=\"_blank\" rel=\"noopener\">Allgemeine Gesch\u00e4ftsbedingungen (PDF)<\/a> &#8211; DE: <a href=\"https:\/\/asbglassfloor.com\/wp-content\/uploads\/2023\/07\/asb_agb_deutsch.pdf\" target=\"_blank\" rel=\"noopener\">Allgemeine Gesch\u00e4ftsbedingungen (PDF)<\/a><\/p><p><a href=\"\/wp-content\/uploads\/2023\/07\/ASB-Specification-of-services-10-2021.pdf\" target=\"_blank\" rel=\"noopener\">Leistungsbeschreibungen (PDF)<\/a> &#8211; DE: <a href=\"https:\/\/asbglassfloor.com\/wp-content\/uploads\/2023\/07\/ASB-Leistungsbeschreibungen-10-2021.pdf\" target=\"_blank\" rel=\"noopener\">Leistungsbeschreibungen (PDF)<\/a><\/p><p><a href=\"https:\/\/dejure.org\/gesetze\/VOB-B\" target=\"_blank\" rel=\"noopener\">&#8220;VOB\/B&#8221; (Vergabe- und Vertragsordnung f\u00fcr Bauleistungen)<\/a><\/p>\t\t\t\t\t\t\t\t<\/div>\n\t\t\t\t<\/div>\n\t\t\t\t\t<\/div>\n\t\t<\/div>\n\t\t\t\t\t<\/div>\n\t\t<\/section>\n\t\t\t\t<\/div>\n\t\t","protected":false},"excerpt":{"rendered":"<p>Impressum ASB Systembau Horst Babinsky GmbHFabrikstra\u00dfe 14D-83371 SteinDeutschland Tel: +49 (0) 8621 \/ 98740Fax: +49(0) 8621 \/ 987420 E-Mail: info@asbglassfloor.comHomepage: www.asbglassfloor.com Reg. Ger. Traunstein HRB 681Ust.\/Umsatzsteuer-Nr.: DE 131563651 Gesch\u00e4ftsf\u00fchrer: Christof Babinsky \u00a0 Allgemeine Gesch\u00e4ftsbedingungen (PDF) &#8211; DE: Allgemeine Gesch\u00e4ftsbedingungen (PDF) Leistungsbeschreibungen (PDF) &#8211; DE: Leistungsbeschreibungen (PDF) &#8220;VOB\/B&#8221; (Vergabe- und Vertragsordnung f\u00fcr Bauleistungen)<\/p>\n","protected":false},"author":3,"featured_media":11017,"parent":0,"menu_order":0,"comment_status":"closed","ping_status":"open","template":"elementor_theme","meta":{"_acf_changed":false,"footnotes":""},"class_list":["post-5150","page","type-page","status-publish","has-post-thumbnail","hentry"],"acf":[],"jetpack_sharing_enabled":true,"jetpack-related-posts":[{"id":4140,"url":"https:\/\/asbglassfloor.com\/imprint\/","url_meta":{"origin":5150,"position":0},"title":"Imprint","author":"plandgraf","date":"8. November 2023","format":false,"excerpt":"ImprintASB Systembau Horst Babinsky GmbHFabrikstra\u00dfe 14D-83371 SteinGermanyTel: +49 (0) 8621 \/ 98740Fax: +49(0) 8621 987420E-Mail: info@asbglassfloor.comHomepage: www.asbglassfloor.comReg. Ger. Traunstein HRB 681Ust.\/Vat-Nr.: DE 131563651CEO: Christof BabinskyDocuments for DownloadUSAGeneral Terms and Conditions of Equipment Lease and Service - USA (PDF)General Terms and Conditions of Sale and Delivery - USA (PDF)InternationalTerms and Conditions\u2026","rel":"","context":"\u00c4hnlicher Beitrag","block_context":{"text":"\u00c4hnlicher Beitrag","link":""},"img":{"alt_text":"","src":"https:\/\/i0.wp.com\/asbglassfloor.com\/wp-content\/uploads\/2026\/02\/asb-glassfloor-asb-lumiflex-court-fc-bayern-basketball-bmw-park-munich-featured.webp?fit=1200%2C675&ssl=1&resize=350%2C200","width":350,"height":200,"srcset":"https:\/\/i0.wp.com\/asbglassfloor.com\/wp-content\/uploads\/2026\/02\/asb-glassfloor-asb-lumiflex-court-fc-bayern-basketball-bmw-park-munich-featured.webp?fit=1200%2C675&ssl=1&resize=350%2C200 1x, https:\/\/i0.wp.com\/asbglassfloor.com\/wp-content\/uploads\/2026\/02\/asb-glassfloor-asb-lumiflex-court-fc-bayern-basketball-bmw-park-munich-featured.webp?fit=1200%2C675&ssl=1&resize=525%2C300 1.5x, https:\/\/i0.wp.com\/asbglassfloor.com\/wp-content\/uploads\/2026\/02\/asb-glassfloor-asb-lumiflex-court-fc-bayern-basketball-bmw-park-munich-featured.webp?fit=1200%2C675&ssl=1&resize=700%2C400 2x, https:\/\/i0.wp.com\/asbglassfloor.com\/wp-content\/uploads\/2026\/02\/asb-glassfloor-asb-lumiflex-court-fc-bayern-basketball-bmw-park-munich-featured.webp?fit=1200%2C675&ssl=1&resize=1050%2C600 3x"},"classes":[]},{"id":1488,"url":"https:\/\/asbglassfloor.com\/contact\/","url_meta":{"origin":5150,"position":1},"title":"Contact","author":"TDS","date":"11. Juli 2020","format":false,"excerpt":"Get Started From sales inquiries to partnership proposals or media and interview requests, your journey to redefine the game begins here. Please submit the form below to start a conversation. Corporate Address ASB Systembau Horst Babinsky GmbHFabrikstrasse 1483371 SteinGermany+49 8621 98740 ASB GlassFloor America, Inc. 9545 S John Young ParkwayBeachline\u2026","rel":"","context":"\u00c4hnlicher Beitrag","block_context":{"text":"\u00c4hnlicher Beitrag","link":""},"img":{"alt_text":"","src":"https:\/\/i0.wp.com\/asbglassfloor.com\/wp-content\/uploads\/2026\/02\/asb-glassfloor-asb-lumiflex-court-fc-bayern-basketball-bmw-park-munich-featured.webp?fit=1200%2C675&ssl=1&resize=350%2C200","width":350,"height":200,"srcset":"https:\/\/i0.wp.com\/asbglassfloor.com\/wp-content\/uploads\/2026\/02\/asb-glassfloor-asb-lumiflex-court-fc-bayern-basketball-bmw-park-munich-featured.webp?fit=1200%2C675&ssl=1&resize=350%2C200 1x, https:\/\/i0.wp.com\/asbglassfloor.com\/wp-content\/uploads\/2026\/02\/asb-glassfloor-asb-lumiflex-court-fc-bayern-basketball-bmw-park-munich-featured.webp?fit=1200%2C675&ssl=1&resize=525%2C300 1.5x, https:\/\/i0.wp.com\/asbglassfloor.com\/wp-content\/uploads\/2026\/02\/asb-glassfloor-asb-lumiflex-court-fc-bayern-basketball-bmw-park-munich-featured.webp?fit=1200%2C675&ssl=1&resize=700%2C400 2x, https:\/\/i0.wp.com\/asbglassfloor.com\/wp-content\/uploads\/2026\/02\/asb-glassfloor-asb-lumiflex-court-fc-bayern-basketball-bmw-park-munich-featured.webp?fit=1200%2C675&ssl=1&resize=1050%2C600 3x"},"classes":[]},{"id":5117,"url":"https:\/\/asbglassfloor.com\/de\/kontakt\/","url_meta":{"origin":5150,"position":2},"title":"Kontakt","author":"TDS","date":"11. Juli 2020","format":false,"excerpt":"Kontakt Ob Sie weitere Produktinformationen ben\u00f6tigen, ein Partnerschaftsangebot besprechen m\u00f6chten oder sonstige Anliegen haben - Hier sind Sie richtig. Bitte f\u00fcllen Sie das nachstehende Formular aus, um ein Gespr\u00e4ch zu vereinbaren. Anschrift ASB Systembau Horst Babinsky GmbHFabrikstra\u00dfe 1483371 SteinDeutschland+49 8621 98740 ASB GlassFloor America, Inc. 9545 S John Young ParkwayBeachline\u2026","rel":"","context":"\u00c4hnlicher Beitrag","block_context":{"text":"\u00c4hnlicher Beitrag","link":""},"img":{"alt_text":"","src":"https:\/\/i0.wp.com\/asbglassfloor.com\/wp-content\/uploads\/2026\/02\/asb-glassfloor-asb-lumiflex-court-fc-bayern-basketball-bmw-park-munich-featured.webp?fit=1200%2C675&ssl=1&resize=350%2C200","width":350,"height":200,"srcset":"https:\/\/i0.wp.com\/asbglassfloor.com\/wp-content\/uploads\/2026\/02\/asb-glassfloor-asb-lumiflex-court-fc-bayern-basketball-bmw-park-munich-featured.webp?fit=1200%2C675&ssl=1&resize=350%2C200 1x, https:\/\/i0.wp.com\/asbglassfloor.com\/wp-content\/uploads\/2026\/02\/asb-glassfloor-asb-lumiflex-court-fc-bayern-basketball-bmw-park-munich-featured.webp?fit=1200%2C675&ssl=1&resize=525%2C300 1.5x, https:\/\/i0.wp.com\/asbglassfloor.com\/wp-content\/uploads\/2026\/02\/asb-glassfloor-asb-lumiflex-court-fc-bayern-basketball-bmw-park-munich-featured.webp?fit=1200%2C675&ssl=1&resize=700%2C400 2x, https:\/\/i0.wp.com\/asbglassfloor.com\/wp-content\/uploads\/2026\/02\/asb-glassfloor-asb-lumiflex-court-fc-bayern-basketball-bmw-park-munich-featured.webp?fit=1200%2C675&ssl=1&resize=1050%2C600 3x"},"classes":[]},{"id":3566,"url":"https:\/\/asbglassfloor.com\/architectural\/","url_meta":{"origin":5150,"position":3},"title":"ASB Architectural","author":"TDS","date":"1. August 2023","format":false,"excerpt":"Crafting the Future with Innovations Beyond Glass Welcome to ASB Architectural, where innovation meets design. We pioneer extraordinary installations that revolutionize architectural norms, exceeding expectations, and pushing boundaries. Explore Projects Transforming Spaces, Innovating Experiences \u00a0ASB Architectural is fueled by the innovative spirit of the ASB GlassFloor team and Christof Babinsky,\u2026","rel":"","context":"\u00c4hnlicher Beitrag","block_context":{"text":"\u00c4hnlicher Beitrag","link":""},"img":{"alt_text":"","src":"https:\/\/i0.wp.com\/asbglassfloor.com\/wp-content\/uploads\/2026\/02\/asb-architectural-project-soprema-featured.webp?fit=1200%2C675&ssl=1&resize=350%2C200","width":350,"height":200,"srcset":"https:\/\/i0.wp.com\/asbglassfloor.com\/wp-content\/uploads\/2026\/02\/asb-architectural-project-soprema-featured.webp?fit=1200%2C675&ssl=1&resize=350%2C200 1x, https:\/\/i0.wp.com\/asbglassfloor.com\/wp-content\/uploads\/2026\/02\/asb-architectural-project-soprema-featured.webp?fit=1200%2C675&ssl=1&resize=525%2C300 1.5x, https:\/\/i0.wp.com\/asbglassfloor.com\/wp-content\/uploads\/2026\/02\/asb-architectural-project-soprema-featured.webp?fit=1200%2C675&ssl=1&resize=700%2C400 2x, https:\/\/i0.wp.com\/asbglassfloor.com\/wp-content\/uploads\/2026\/02\/asb-architectural-project-soprema-featured.webp?fit=1200%2C675&ssl=1&resize=1050%2C600 3x"},"classes":[]},{"id":5133,"url":"https:\/\/asbglassfloor.com\/de\/asb-architectural\/","url_meta":{"origin":5150,"position":4},"title":"ASB Architectural","author":"TDS","date":"1. August 2023","format":false,"excerpt":"Mit Innovationen \u00fcber Glas hinaus die Zukunft gestalten Willkommen bei ASB Architectural, wo Innovation auf Design trifft. Wir sind Wegbereiter f\u00fcr au\u00dfergew\u00f6hnliche Installationen, die architektonische Normen revolutionieren, Erwartungen \u00fcbertreffen und Grenzen verschieben. Projekte erkunden R\u00e4ume umgestalten, Erlebnisse erneuern ASB Architectural wird vom Innovationsgeist des ASB GlassFloor-Teams und von Christof Babinsky,\u2026","rel":"","context":"\u00c4hnlicher Beitrag","block_context":{"text":"\u00c4hnlicher Beitrag","link":""},"img":{"alt_text":"","src":"https:\/\/i0.wp.com\/asbglassfloor.com\/wp-content\/uploads\/2026\/02\/asb-architectural-project-soprema-featured.webp?fit=1200%2C675&ssl=1&resize=350%2C200","width":350,"height":200,"srcset":"https:\/\/i0.wp.com\/asbglassfloor.com\/wp-content\/uploads\/2026\/02\/asb-architectural-project-soprema-featured.webp?fit=1200%2C675&ssl=1&resize=350%2C200 1x, https:\/\/i0.wp.com\/asbglassfloor.com\/wp-content\/uploads\/2026\/02\/asb-architectural-project-soprema-featured.webp?fit=1200%2C675&ssl=1&resize=525%2C300 1.5x, https:\/\/i0.wp.com\/asbglassfloor.com\/wp-content\/uploads\/2026\/02\/asb-architectural-project-soprema-featured.webp?fit=1200%2C675&ssl=1&resize=700%2C400 2x, https:\/\/i0.wp.com\/asbglassfloor.com\/wp-content\/uploads\/2026\/02\/asb-architectural-project-soprema-featured.webp?fit=1200%2C675&ssl=1&resize=1050%2C600 3x"},"classes":[]},{"id":5153,"url":"https:\/\/asbglassfloor.com\/de\/unternehmen\/","url_meta":{"origin":5150,"position":5},"title":"Unternehmen","author":"TDS","date":"10. Juli 2023","format":false,"excerpt":"ASB GlassFloor Wir revolutionieren den Indoor-Sport. Mehr erfahren https:\/\/www.youtube.com\/watch?v=e34emdsD4Ig Bei ASB GlassFloor definieren wir M\u00f6glichkeiten neu, indem wir Innovation mit Tradition verbinden, um hochmoderne Sportbodenl\u00f6sungen herzustellen. Unsere Reise begann mit der Revolution des Squash und f\u00fchrte uns zur Entwicklung des weltweit modernsten Sportbodens.ASB GlassFloor wurde aus Leidenschaft f\u00fcr Sport und\u2026","rel":"","context":"\u00c4hnlicher Beitrag","block_context":{"text":"\u00c4hnlicher Beitrag","link":""},"img":{"alt_text":"","src":"https:\/\/i0.wp.com\/asbglassfloor.com\/wp-content\/uploads\/2025\/11\/Bild-Kampagne-2025.png?fit=600%2C426&ssl=1&resize=350%2C200","width":350,"height":200,"srcset":"https:\/\/i0.wp.com\/asbglassfloor.com\/wp-content\/uploads\/2025\/11\/Bild-Kampagne-2025.png?fit=600%2C426&ssl=1&resize=350%2C200 1x, https:\/\/i0.wp.com\/asbglassfloor.com\/wp-content\/uploads\/2025\/11\/Bild-Kampagne-2025.png?fit=600%2C426&ssl=1&resize=525%2C300 1.5x"},"classes":[]}],"_links":{"self":[{"href":"https:\/\/asbglassfloor.com\/de\/wp-json\/wp\/v2\/pages\/5150","targetHints":{"allow":["GET"]}}],"collection":[{"href":"https:\/\/asbglassfloor.com\/de\/wp-json\/wp\/v2\/pages"}],"about":[{"href":"https:\/\/asbglassfloor.com\/de\/wp-json\/wp\/v2\/types\/page"}],"author":[{"embeddable":true,"href":"https:\/\/asbglassfloor.com\/de\/wp-json\/wp\/v2\/users\/3"}],"replies":[{"embeddable":true,"href":"https:\/\/asbglassfloor.com\/de\/wp-json\/wp\/v2\/comments?post=5150"}],"version-history":[{"count":7,"href":"https:\/\/asbglassfloor.com\/de\/wp-json\/wp\/v2\/pages\/5150\/revisions"}],"predecessor-version":[{"id":8881,"href":"https:\/\/asbglassfloor.com\/de\/wp-json\/wp\/v2\/pages\/5150\/revisions\/8881"}],"wp:featuredmedia":[{"embeddable":true,"href":"https:\/\/asbglassfloor.com\/de\/wp-json\/wp\/v2\/media\/11017"}],"wp:attachment":[{"href":"https:\/\/asbglassfloor.com\/de\/wp-json\/wp\/v2\/media?parent=5150"}],"curies":[{"name":"wp","href":"https:\/\/api.w.org\/{rel}","templated":true}]}}